{"id":2180,"date":"2020-02-12T07:47:17","date_gmt":"2020-02-12T07:47:17","guid":{"rendered":"https:\/\/themebing.com\/wp\/tijarah\/shop\/uncategorized\/felipa-copy-copy-copy-copy-copy-copy-copy-copy-copy-copy-copy-copy-7-copy-12-copy\/"},"modified":"2025-05-07T20:43:26","modified_gmt":"2025-05-07T18:43:26","slug":"elementor-pro-paiement-a-vie","status":"publish","type":"product","link":"https:\/\/pluginthemewordpress.eu\/index.php\/produit\/elementor-pro-paiement-a-vie\/","title":{"rendered":"Elementor PRO &#8211; paiement unique \u00e0 vie"},"content":{"rendered":"<h1><strong>G\u00e9n\u00e9rateur de page WordPress Elementor PRO<\/strong><\/h1>\n<h3>Plus rapide que les autres<\/h3>\n<p>Pas de tra\u00een\u00e9e, de chute et d&#8217;attente suppl\u00e9mentaire. Elementor vous permet de repr\u00e9senter graphiquement sur le frontend avec des r\u00e9sultats instantan\u00e9s et r\u00e9els<\/p>\n<h3>Facile \u00e0 utiliser<\/h3>\n<p>Chaque pouvoir a \u00e9t\u00e9 m\u00e9ticuleusement \u00e9lu conform\u00e9ment \u00e0 l&#8217;octroi du bon trajet de l&#8217;utilisateur, puis permettez-vous d&#8217;imiter la conception \u00e0 des vitesses de rapport<\/p>\n<h3>Pas de codage<\/h3>\n<p>Atteignez des conceptions haut de gamme, \u00e0 l&#8217;exception du codage. Les articles de page suivants sont succincts et optimis\u00e9s pour chaque gadget ou \u00e9cran<\/p>\n<p><strong>Largeur et hauteur de la section<\/strong><\/p>\n<p>Allez au-del\u00e0 des conceptions de page trop simplifi\u00e9es et sur\u00e9volues, en utilisant abject plus de surveillance \u00e0 l&#8217;\u00e9tage plus de quelques sections. Les sections de page d&#8217;Elementor font au-dessus de l&#8217;architecture principale de la page, puis vous permettent d&#8217;atteindre en conformit\u00e9 un certain plan r\u00e9serv\u00e9 jusqu&#8217;\u00e0 pr\u00e9sent en raison de finances excessives sur des sites Web personnalis\u00e9s.<\/p>\n<p><strong>Redimensionner les colonnes<\/strong><\/p>\n<p>Bricolage de la quantit\u00e9 sur les colonnes n&#8217;a en aucun cas \u00e9t\u00e9 plus facile. Saisissez certains des coins tout en faisant glisser jusqu&#8217;\u00e0 ce que la disposition de stagnation soit tout simplement correcte. Vous pouvez \u00e9galement choisir \u00e0 c\u00f4t\u00e9 des param\u00e8tres par d\u00e9faut tout en assimilant sans effort des colonnes suppl\u00e9mentaires \u00e0 l&#8217;imitation de la ligne. Elementor est l&#8217;\u00e9lecteur de page b\u00e9n\u00e9fique \u00e0 cause de WordPress, don tu r\u00e8gnes pleinement en haut ou en largeur autour de vos colonnes.<\/p>\n<p><strong>Position de la colonne et du contenu<\/strong><\/p>\n<p>Avec Elementor, vous positionnez la stagnation du haut, du centre, mais du bas autour d&#8217;une section, puis vous la brodez \u00e0 l&#8217;ext\u00e9rieur dans toute la section. Vous effectuez \u00e9galement la fonction du contenu \u00e0 l&#8217;int\u00e9rieur de la colonne entre la m\u00eame mani\u00e8re. Cette caract\u00e9ristique sp\u00e9ciale vous donne la libert\u00e9 d&#8217;engendrer un format, donc c&#8217;est beaucoup plus personnalis\u00e9.<\/p>\n<p><strong>Rembourrage et r\u00e9glage de la marge<\/strong><\/p>\n<p>D\u00e9finissez le remplissage et la p\u00e9riph\u00e9rie parce que les sections, les colonnes et les widgets, l&#8217;utilisation de px, EM ou %. Cette caract\u00e9ristique est unique en imitation d&#8217;Elementor. Sans l&#8217;utilisation de % puis EM, la rubrique que vous d\u00e9finissez peut quitter la recherche d&#8217;un g\u00e9ant entre mobile. Nos d\u00e9cors d&#8217;autel potentiels passent \u00e0 boire des talents accomplis sur les plus de quelques possibilit\u00e9s d&#8217;\u00e9chelle.<\/p>\n<p><strong>\u00c9cart de colonne<\/strong><\/p>\n<p>Modifiez les \u00e9carts dans les colonnes de discipline conform\u00e9ment \u00e0 la r\u00e9ussite de votre respiration graphique. Essayez des mises en page de stagnation exclusives \u00e0 l&#8217;\u00e9tranger, puis d\u00e9cidez visuellement comme suit. Ce r\u00e9glage est incroyablement facile en conformit\u00e9 avec la personnalisation, mais fait une \u00e9norme diff\u00e9rence sur le r\u00e9sultat de cl\u00f4ture.<\/p>\n","protected":false},"excerpt":{"rendered":"<p>G\u00e9n\u00e9rateur de page WordPress Elementor PRO Plus rapide que les autres Pas de tra\u00een\u00e9e, de chute et d&#8217;attente suppl\u00e9mentaire. Elementor vous permet de repr\u00e9senter graphiquement sur le frontend avec des r\u00e9sultats instantan\u00e9s et r\u00e9els Facile \u00e0 utiliser Chaque pouvoir a \u00e9t\u00e9 m\u00e9ticuleusement \u00e9lu conform\u00e9ment \u00e0 l&#8217;octroi du bon trajet de l&#8217;utilisateur, puis permettez-vous d&#8217;imiter la [&hellip;]<\/p>\n","protected":false},"featured_media":2514,"template":"","meta":{"spay_email":""},"product_cat":[119,97],"product_tag":[],"class_list":["post-2180","product","type-product","status-publish","has-post-thumbnail","hentry","product_cat-plugin-wordpress","product_cat-theme-wordpress"],"jetpack-related-posts":[{"id":2647,"url":"https:\/\/pluginthemewordpress.eu\/index.php\/produit\/le-mensuel\/","url_meta":{"origin":2180,"position":0},"title":"Le Mensuel","date":"19 February 2022","format":false,"excerpt":"Abonnement mensuel au club, vous permettant de t\u00e9l\u00e9charger tous les th\u00e8mes et plugins en illimit\u00e9. L'abonnement sera automatiquement reconduit \u00e0 la fin de la p\u00e9riode. L'abonnement peut \u00eatre r\u00e9sili\u00e9 \u00e0 tout moment.","rel":"","context":"Similar post","img":{"alt_text":"","src":"","width":0,"height":0},"classes":[]}],"_links":{"self":[{"href":"https:\/\/pluginthemewordpress.eu\/index.php\/wp-json\/wp\/v2\/product\/2180","targetHints":{"allow":["GET"]}}],"collection":[{"href":"https:\/\/pluginthemewordpress.eu\/index.php\/wp-json\/wp\/v2\/product"}],"about":[{"href":"https:\/\/pluginthemewordpress.eu\/index.php\/wp-json\/wp\/v2\/types\/product"}],"wp:featuredmedia":[{"embeddable":true,"href":"https:\/\/pluginthemewordpress.eu\/index.php\/wp-json\/wp\/v2\/media\/2514"}],"wp:attachment":[{"href":"https:\/\/pluginthemewordpress.eu\/index.php\/wp-json\/wp\/v2\/media?parent=2180"}],"wp:term":[{"taxonomy":"product_cat","embeddable":true,"href":"https:\/\/pluginthemewordpress.eu\/index.php\/wp-json\/wp\/v2\/product_cat?post=2180"},{"taxonomy":"product_tag","embeddable":true,"href":"https:\/\/pluginthemewordpress.eu\/index.php\/wp-json\/wp\/v2\/product_tag?post=2180"}],"curies":[{"name":"wp","href":"https:\/\/api.w.org\/{rel}","templated":true}]}}