{"id":9,"date":"2022-02-15T11:16:14","date_gmt":"2022-02-15T10:16:14","guid":{"rendered":"http:\/\/pluginthemewordpress.eu\/index.php\/mon-compte\/"},"modified":"2022-02-15T11:16:14","modified_gmt":"2022-02-15T10:16:14","slug":"mon-compte","status":"publish","type":"page","link":"https:\/\/pluginthemewordpress.eu\/index.php\/mon-compte\/","title":{"rendered":"Mon compte"},"content":{"rendered":"<div class=\"woocommerce\"><\/div>\n","protected":false},"excerpt":{"rendered":"","protected":false},"author":1,"featured_media":0,"parent":0,"menu_order":0,"comment_status":"closed","ping_status":"closed","template":"","meta":{"spay_email":"","footnotes":""},"class_list":["post-9","page","type-page","status-publish","hentry"],"jetpack-related-posts":[{"id":2,"url":"https:\/\/pluginthemewordpress.eu\/index.php\/page-d-exemple\/","url_meta":{"origin":9,"position":0},"title":"Page d\u2019exemple","date":"15 February 2022","format":false,"excerpt":"Ceci est une page d\u2019exemple. C\u2019est diff\u00e9rent d\u2019un article de blog parce qu\u2019elle restera au m\u00eame endroit et appara\u00eetra dans la navigation de votre site (dans la plupart des th\u00e8mes). La plupart des gens commencent par une page \u00ab\u00a0\u00c0 propos\u00a0\u00bb qui les pr\u00e9sente aux personnes visitant le site. Cela pourrait\u2026","rel":"","context":"Similar post","img":{"alt_text":"","src":"","width":0,"height":0},"classes":[]}],"_links":{"self":[{"href":"https:\/\/pluginthemewordpress.eu\/index.php\/wp-json\/wp\/v2\/pages\/9","targetHints":{"allow":["GET"]}}],"collection":[{"href":"https:\/\/pluginthemewordpress.eu\/index.php\/wp-json\/wp\/v2\/pages"}],"about":[{"href":"https:\/\/pluginthemewordpress.eu\/index.php\/wp-json\/wp\/v2\/types\/page"}],"author":[{"embeddable":true,"href":"https:\/\/pluginthemewordpress.eu\/index.php\/wp-json\/wp\/v2\/users\/1"}],"replies":[{"embeddable":true,"href":"https:\/\/pluginthemewordpress.eu\/index.php\/wp-json\/wp\/v2\/comments?post=9"}],"version-history":[{"count":0,"href":"https:\/\/pluginthemewordpress.eu\/index.php\/wp-json\/wp\/v2\/pages\/9\/revisions"}],"wp:attachment":[{"href":"https:\/\/pluginthemewordpress.eu\/index.php\/wp-json\/wp\/v2\/media?parent=9"}],"curies":[{"name":"wp","href":"https:\/\/api.w.org\/{rel}","templated":true}]}}